{"id":2,"date":"2025-11-02T15:26:30","date_gmt":"2025-11-02T15:26:30","guid":{"rendered":"https:\/\/franzkafka.com.br\/enciclopedia\/?page_id=2"},"modified":"2025-11-09T15:40:53","modified_gmt":"2025-11-09T15:40:53","slug":"sample-page","status":"publish","type":"page","link":"https:\/\/franzkafka.com.br\/enciclopedia\/","title":{"rendered":"Seja-bem vindo"},"content":{"rendered":"\n<p>This is an example page. It&#8217;s different from a blog post because it will stay in one place and will show up in your site navigation (in most themes). Most people start with an About page that introduces them to potential site visitors. It might say something like this:<\/p>\n\n\n\n<blockquote class=\"wp-block-quote is-layout-flow wp-block-quote-is-layout-flow\">\n<p>Hi there! I&#8217;m a bike messenger by day, aspiring actor by night, and this is my website. I live in Los Angeles, have a great dog named Jack, and I like pi\u00f1a coladas. (And gettin&#8217; caught in the rain.)<\/p>\n<\/blockquote>\n\n\n\n<hr class=\"wp-block-separator has-alpha-channel-opacity\"\/>\n\n\n\n<p class=\"is-style-text-subtitle is-style-text-subtitle--1\"><strong>Busca por termos<\/strong><\/p>\n\n\n<form role=\"search\" method=\"get\" action=\"https:\/\/franzkafka.com.br\/enciclopedia\/\" class=\"wp-block-search__button-outside wp-block-search__text-button wp-block-search\"    ><label class=\"wp-block-search__label screen-reader-text\" for=\"wp-block-search__input-2\" >Pesquisar<\/label><div class=\"wp-block-search__inside-wrapper\" ><input class=\"wp-block-search__input\" id=\"wp-block-search__input-2\" placeholder=\"Insira o termo aqui\" value=\"\" type=\"search\" name=\"s\" required \/><button aria-label=\"Pesquisar\" class=\"wp-block-search__button has-text-color has-base-color has-background wp-element-button\" type=\"submit\"  style=\"background-color: #6d8c8c\">Pesquisar<\/button><\/div><\/form>\n\n\n<hr class=\"wp-block-separator has-alpha-channel-opacity\"\/>\n\n\n\n<p class=\"is-style-text-subtitle is-style-text-subtitle--3\"><strong>Busca por letra do alfabeto<\/strong><\/p>\n\n\n<p style=\"font-style:normal;font-weight:1000;line-height:1.5;text-transform:uppercase; padding-top:var(--wp--preset--spacing--30);padding-bottom:var(--wp--preset--spacing--30);\" class=\"is-style-outline wp-block-tag-cloud\"><a href=\"https:\/\/franzkafka.com.br\/enciclopedia\/tag\/a\/\" class=\"tag-cloud-link tag-link-31 tag-link-position-1\" style=\"font-size: 22pt;\" aria-label=\"A (2 itens)\">A<\/a>\n<a href=\"https:\/\/franzkafka.com.br\/enciclopedia\/tag\/v\/\" class=\"tag-cloud-link tag-link-38 tag-link-position-2\" style=\"font-size: 8pt;\" aria-label=\"V (1 item)\">V<\/a><\/p>\n\n\n<hr class=\"wp-block-separator has-alpha-channel-opacity\"\/>\n\n\n\n<p class=\"is-style-text-subtitle is-style-text-subtitle--4\"><strong>Verbetes rec\u00e9m adicionados<\/strong><\/p>\n\n\n<ul class=\"wp-block-latest-posts__list has-dates has-link-color wp-elements-292a251b5ffc1d614e3a7d2cd8ea49af wp-block-latest-posts\"><li><a class=\"wp-block-latest-posts__post-title\" href=\"https:\/\/franzkafka.com.br\/enciclopedia\/2025\/11\/09\/na-galeria\/\">Na galeria<\/a><time datetime=\"2025-11-09T16:28:45+00:00\" class=\"wp-block-latest-posts__post-date\">novembro 9, 2025<\/time><div class=\"wp-block-latest-posts__post-excerpt\">Na galeria Na galeria Na galeria Na galeria Na galeria Na galeria Na galeria Na galeria Acervo<\/div><\/li>\n<li><a class=\"wp-block-latest-posts__post-title\" href=\"https:\/\/franzkafka.com.br\/enciclopedia\/2025\/11\/09\/vallabene\/\">Vallabene<\/a><time datetime=\"2025-11-09T05:12:23+00:00\" class=\"wp-block-latest-posts__post-date\">novembro 9, 2025<\/time><div class=\"wp-block-latest-posts__post-excerpt\">Em Das Schlofi (O Castelo), o segundo cavalheiro do Castelo, Al\u00e9m de Klamm, para quem o secret\u00e1rio da aldeia Momus trabalha.<\/div><\/li>\n<li><a class=\"wp-block-latest-posts__post-title\" href=\"https:\/\/franzkafka.com.br\/enciclopedia\/2025\/11\/09\/altneusynagoge\/\">Altneusynagoge<\/a><time datetime=\"2025-11-09T05:11:23+00:00\" class=\"wp-block-latest-posts__post-date\">novembro 9, 2025<\/time><div class=\"wp-block-latest-posts__post-excerpt\">Altneusynagoge. A Sinagoga Velha-Nova no gueto judeu de Praga, Josefstadt, constru\u00edda no final do s\u00e9culo XIII, \u00e9 uma das sinagogas mais antigas da Europa. Juntamente com a vizinha Prefeitura Judaica, esta sinagoga era o centro da vida religiosa e cultural judaica em Praga. Em 1\u00ba de outubro de 1911, Kafka\u2026 <a class=\"wp-block-latest-posts__read-more\" href=\"https:\/\/franzkafka.com.br\/enciclopedia\/2025\/11\/09\/altneusynagoge\/\" rel=\"noopener noreferrer\">Leia mais<span class=\"screen-reader-text\">: Altneusynagoge<\/span><\/a><\/div><\/li>\n<li><a class=\"wp-block-latest-posts__post-title\" href=\"https:\/\/franzkafka.com.br\/enciclopedia\/2025\/11\/02\/a\/\">Albert<\/a><time datetime=\"2025-11-02T15:37:30+00:00\" class=\"wp-block-latest-posts__post-date\">novembro 2, 2025<\/time><div class=\"wp-block-latest-posts__post-excerpt\">Em O Processo o nome que Huld, o advogado, e Leni, sua enfermeira, usam ao se dirigir ao tio Karl de Josef K.<\/div><\/li>\n<\/ul>","protected":false},"excerpt":{"rendered":"<p>This is an example page. It&#8217;s different from a blog post because it will stay in one place and will show up in your site navigation (in most themes). Most people start with an About page that introduces them to potential site visitors. It might say something like this: Hi there! I&#8217;m a bike messenger [&hellip;]<\/p>\n","protected":false},"author":1,"featured_media":0,"parent":0,"menu_order":0,"comment_status":"closed","ping_status":"open","template":"","meta":{"pagelayer_contact_templates":[],"_pagelayer_content":"","wikipediapreview_detectlinks":true,"footnotes":""},"class_list":["post-2","page","type-page","status-publish","hentry"],"_links":{"self":[{"href":"https:\/\/franzkafka.com.br\/enciclopedia\/wp-json\/wp\/v2\/pages\/2","targetHints":{"allow":["GET"]}}],"collection":[{"href":"https:\/\/franzkafka.com.br\/enciclopedia\/wp-json\/wp\/v2\/pages"}],"about":[{"href":"https:\/\/franzkafka.com.br\/enciclopedia\/wp-json\/wp\/v2\/types\/page"}],"author":[{"embeddable":true,"href":"https:\/\/franzkafka.com.br\/enciclopedia\/wp-json\/wp\/v2\/users\/1"}],"replies":[{"embeddable":true,"href":"https:\/\/franzkafka.com.br\/enciclopedia\/wp-json\/wp\/v2\/comments?post=2"}],"version-history":[{"count":14,"href":"https:\/\/franzkafka.com.br\/enciclopedia\/wp-json\/wp\/v2\/pages\/2\/revisions"}],"predecessor-version":[{"id":202,"href":"https:\/\/franzkafka.com.br\/enciclopedia\/wp-json\/wp\/v2\/pages\/2\/revisions\/202"}],"wp:attachment":[{"href":"https:\/\/franzkafka.com.br\/enciclopedia\/wp-json\/wp\/v2\/media?parent=2"}],"curies":[{"name":"wp","href":"https:\/\/api.w.org\/{rel}","templated":true}]}}